{"id":141484,"date":"2025-01-08T19:52:16","date_gmt":"2025-01-08T19:52:16","guid":{"rendered":"https:\/\/marcelocortazio.com.br\/?page_id=141484"},"modified":"2025-01-08T19:52:16","modified_gmt":"2025-01-08T19:52:16","slug":"quero-a-minha-masterclass","status":"publish","type":"page","link":"https:\/\/marcelocortazio.com.br\/index.php\/quero-a-minha-masterclass\/","title":{"rendered":"Quero a minha masterclass"},"content":{"rendered":"<div class=\"wpb-content-wrapper\"><p>[vc_row row_height_percent=&#8221;0&#8243; override_padding=&#8221;yes&#8221; h_padding=&#8221;2&#8243; top_padding=&#8221;5&#8243; bottom_padding=&#8221;5&#8243; back_color=&#8221;color-140313&#8243; overlay_alpha=&#8221;46&#8243; gutter_size=&#8221;100&#8243; column_width_percent=&#8221;100&#8243; shift_y=&#8221;0&#8243; z_index=&#8221;0&#8243; style=&#8221;inherited&#8221; uncode_shortcode_id=&#8221;928447&#8243; back_color_type=&#8221;uncode-palette&#8221;][vc_column column_width_use_pixel=&#8221;yes&#8221; align_horizontal=&#8221;align_center&#8221; gutter_size=&#8221;3&#8243; overlay_color=&#8221;color-lxmt&#8221; overlay_alpha=&#8221;26&#8243; overlay_color_blend=&#8221;multiply&#8221; shift_x=&#8221;0&#8243; shift_y=&#8221;0&#8243; shift_y_down=&#8221;0&#8243; z_index=&#8221;0&#8243; medium_width=&#8221;100&#8243; mobile_width=&#8221;0&#8243; zoom_width=&#8221;0&#8243; zoom_height=&#8221;0&#8243; width=&#8221;1\/1&#8243; column_width_pixel=&#8221;900&#8243; uncode_shortcode_id=&#8221;156231&#8243; overlay_color_type=&#8221;uncode-palette&#8221;][vc_row_inner row_inner_height_percent=&#8221;0&#8243; overlay_alpha=&#8221;100&#8243; gutter_size=&#8221;3&#8243; shift_y=&#8221;0&#8243; limit_content=&#8221;&#8221;][vc_column_inner column_width_use_pixel=&#8221;yes&#8221; align_horizontal=&#8221;align_center&#8221; gutter_size=&#8221;2&#8243; overlay_alpha=&#8221;100&#8243; shift_x=&#8221;0&#8243; shift_y=&#8221;0&#8243; shift_y_down=&#8221;0&#8243; z_index=&#8221;0&#8243; medium_width=&#8221;0&#8243; mobile_width=&#8221;0&#8243; zoom_width=&#8221;0&#8243; zoom_height=&#8221;0&#8243; width=&#8221;1\/1&#8243; column_width_pixel=&#8221;600&#8243; uncode_shortcode_id=&#8221;209122&#8243;][vc_empty_space empty_h=&#8221;1&#8243;][vc_custom_heading text_color=&#8221;color-726292&#8243; heading_semantic=&#8221;h5&#8243; text_font=&#8221;font-143967&#8243; text_size=&#8221;h5&#8243; text_weight=&#8221;600&#8243; text_transform=&#8221;uppercase&#8221; badge_style=&#8221;yes&#8221; sub_lead=&#8221;yes&#8221; sub_reduced=&#8221;yes&#8221; back_color=&#8221;accent&#8221; radius=&#8221;std&#8221; text_align=&#8221;text-center&#8221; uncode_shortcode_id=&#8221;944918&#8243; text_color_type=&#8221;uncode-palette&#8221; back_color_type=&#8221;uncode-palette&#8221;]masterclass online[\/vc_custom_heading][vc_custom_heading heading_semantic=&#8221;h3&#8243; text_font=&#8221;font-504674&#8243; text_size=&#8221;custom&#8221; text_weight=&#8221;100&#8243; sub_lead=&#8221;yes&#8221; sub_reduced=&#8221;yes&#8221; text_align=&#8221;text-center&#8221; subheading=&#8221;Preencha o formul\u00e1rio abaixo que logo, logo minha equipe entrar\u00e1 em contato com voc\u00ea.&#8221; uncode_shortcode_id=&#8221;906157&#8243; heading_custom_size=&#8221;clamp(20px,7.5vw,40px)&#8221;]Eu quero participar da masterclass em <strong>narrativas de marca<\/strong>.[\/vc_custom_heading][\/vc_column_inner][\/vc_row_inner]\n<div class=\"wpcf7 no-js\" id=\"wpcf7-f141485-o1\" lang=\"en-US\" dir=\"ltr\" data-wpcf7-id=\"141485\">\n<div class=\"screen-reader-response\"><p role=\"status\" aria-live=\"polite\" aria-atomic=\"true\"><\/p> <ul><\/ul><\/div>\n<form action=\"\/index.php\/wp-json\/wp\/v2\/pages\/141484#wpcf7-f141485-o1\" method=\"post\" class=\"wpcf7-form init\" aria-label=\"Contact form\" novalidate=\"novalidate\" data-status=\"init\">\n<fieldset class=\"hidden-fields-container\"><input type=\"hidden\" name=\"_wpcf7\" value=\"141485\" \/><input type=\"hidden\" name=\"_wpcf7_version\" value=\"6.1.5\" \/><input type=\"hidden\" name=\"_wpcf7_locale\" value=\"en_US\" \/><input type=\"hidden\" name=\"_wpcf7_unit_tag\" value=\"wpcf7-f141485-o1\" \/><input type=\"hidden\" name=\"_wpcf7_container_post\" value=\"0\" \/><input type=\"hidden\" name=\"_wpcf7_posted_data_hash\" value=\"\" \/><input type=\"hidden\" name=\"_wpcf7_recaptcha_response\" value=\"\" \/>\n<\/fieldset>\n<div class=\"uacf7-form-wrapper-container uacf7-form-141485  \"><div class=\"uacf7-row\"><div class=\"uacf7-col-6\"> <p><span class=\"wpcf7-form-control-wrap\" data-name=\"SeuNome\"><input size=\"40\" maxlength=\"400\" class=\"wpcf7-form-control wpcf7-text wpcf7-validates-as-required form-fluid\" aria-required=\"true\" aria-invalid=\"false\" placeholder=\"Seu Nome\" value=\"\" type=\"text\" name=\"SeuNome\" \/><\/span><\/p>\n\n<\/div><div class=\"uacf7-col-6\"> <p><span class=\"wpcf7-form-control-wrap\" data-name=\"SeuSobreNome\"><input size=\"40\" maxlength=\"400\" class=\"wpcf7-form-control wpcf7-text wpcf7-validates-as-required form-fluid\" aria-required=\"true\" aria-invalid=\"false\" placeholder=\"Seu Sobrenome\" value=\"\" type=\"text\" name=\"SeuSobreNome\" \/><\/span><\/p>\n\n<\/div><\/div>\n\n<div class=\"uacf7-row\"><div class=\"uacf7-col-6\"> <p><span class=\"wpcf7-form-control-wrap\" data-name=\"SeuEmail\"><input size=\"40\" maxlength=\"400\" class=\"wpcf7-form-control wpcf7-email wpcf7-validates-as-required wpcf7-text wpcf7-validates-as-email form-fluid\" aria-required=\"true\" aria-invalid=\"false\" placeholder=\"Seu Email\" value=\"\" type=\"email\" name=\"SeuEmail\" \/><\/span><\/p>\n\n<\/div><div class=\"uacf7-col-6\"> <p><span class=\"wpcf7-form-control-wrap\" data-name=\"SeuTelefone\"><input size=\"40\" maxlength=\"400\" class=\"wpcf7-form-control wpcf7-tel wpcf7-validates-as-required wpcf7-text wpcf7-validates-as-tel form-fluid\" aria-required=\"true\" aria-invalid=\"false\" placeholder=\"Seu Telefone\" value=\"\" type=\"tel\" name=\"SeuTelefone\" \/><\/span><\/p>\n\n<\/div><\/div>\n\n<p><span class=\"wpcf7-form-control-wrap\" data-name=\"SuaEmpresa\"><input size=\"40\" maxlength=\"400\" class=\"wpcf7-form-control wpcf7-text wpcf7-validates-as-required form-fluid\" aria-required=\"true\" aria-invalid=\"false\" placeholder=\"Sua Empresa\" value=\"\" type=\"text\" name=\"SuaEmpresa\" \/><\/span><\/p>\n\n<p><span class=\"wpcf7-form-control-wrap\" data-name=\"SeuCargo\"><input size=\"40\" maxlength=\"400\" class=\"wpcf7-form-control wpcf7-text wpcf7-validates-as-required form-fluid\" aria-required=\"true\" aria-invalid=\"false\" placeholder=\"Seu Cargo\" value=\"\" type=\"text\" name=\"SeuCargo\" \/><\/span><\/p>\n\n<p><span class=\"wpcf7-form-control-wrap\" data-name=\"PerfilLinkedIn\"><input size=\"40\" maxlength=\"400\" class=\"wpcf7-form-control wpcf7-url wpcf7-validates-as-required wpcf7-text wpcf7-validates-as-url form-fluid\" aria-required=\"true\" aria-invalid=\"false\" placeholder=\"Seu perfil no LinkedIn\" value=\"\" type=\"url\" name=\"PerfilLinkedIn\" \/><\/span><\/p>\n\n<p><span class=\"wpcf7-form-control-wrap\" data-name=\"Experiencia\"><select class=\"wpcf7-form-control wpcf7-select wpcf7-validates-as-required\" aria-required=\"true\" aria-invalid=\"false\" name=\"Experiencia\"><option value=\"\">Experi\u00eancia com marketing\/branding<\/option><option value=\"Iniciante (0-2 anos)\">Iniciante (0-2 anos)<\/option><option value=\"Intermedi\u00e1rio (2-5 anos)\">Intermedi\u00e1rio (2-5 anos)<\/option><option value=\"Avan\u00e7ado (5+ anos)\">Avan\u00e7ado (5+ anos)<\/option><\/select><\/span><\/p>\n\n<p><span class=\"wpcf7-form-control-wrap\" data-name=\"mensagem-adicional\"><textarea cols=\"40\" rows=\"10\" maxlength=\"2000\" class=\"wpcf7-form-control wpcf7-textarea wpcf7-validates-as-required form-fluid\" aria-required=\"true\" aria-invalid=\"false\" placeholder=\"Quer enviar alguma informa\u00e7\u00e3o adicional? Escreve aqui!\" name=\"mensagem-adicional\"><\/textarea><\/span><\/p>\n\n<p><input class=\"wpcf7-form-control wpcf7-submit has-spinner btn btn-accent\" type=\"submit\" value=\"ENTRE NA LISTA DE ESPERA\" \/><\/p><\/div><p style=\"display: none !important;\" class=\"akismet-fields-container\" data-prefix=\"_wpcf7_ak_\"><label>&#916;<textarea name=\"_wpcf7_ak_hp_textarea\" cols=\"45\" rows=\"8\" maxlength=\"100\"><\/textarea><\/label><input type=\"hidden\" id=\"ak_js_1\" name=\"_wpcf7_ak_js\" value=\"250\"\/><script>document.getElementById( \"ak_js_1\" ).setAttribute( \"value\", ( new Date() ).getTime() );<\/script><\/p><div class=\"wpcf7-response-output\" aria-hidden=\"true\"><\/div>\n<\/form>\n<\/div>\n[vc_empty_space empty_h=&#8221;1&#8243;][\/vc_column][\/vc_row]<\/p>\n<\/div>","protected":false},"excerpt":{"rendered":"<p>[vc_row row_height_percent=&#8221;0&#8243; override_padding=&#8221;yes&#8221; h_padding=&#8221;2&#8243; top_padding=&#8221;5&#8243; bottom_padding=&#8221;5&#8243; back_color=&#8221;color-140313&#8243; overlay_alpha=&#8221;46&#8243; gutter_size=&#8221;100&#8243; column_width_percent=&#8221;100&#8243; shift_y=&#8221;0&#8243; z_index=&#8221;0&#8243; style=&#8221;inherited&#8221; uncode_shortcode_id=&#8221;928447&#8243; back_color_type=&#8221;uncode-palette&#8221;][vc_column column_width_use_pixel=&#8221;yes&#8221; align_horizontal=&#8221;align_center&#8221; gutter_size=&#8221;3&#8243; overlay_color=&#8221;color-lxmt&#8221; overlay_alpha=&#8221;26&#8243; [&hellip;]<\/p>\n","protected":false},"author":1,"featured_media":0,"parent":0,"menu_order":0,"comment_status":"closed","ping_status":"closed","template":"","meta":{"_monsterinsights_skip_tracking":false,"_monsterinsights_sitenote_active":false,"_monsterinsights_sitenote_note":"","_monsterinsights_sitenote_category":0,"footnotes":""},"class_list":["post-141484","page","type-page","status-publish","hentry"],"aioseo_notices":[],"_links":{"self":[{"href":"https:\/\/marcelocortazio.com.br\/index.php\/wp-json\/wp\/v2\/pages\/141484","targetHints":{"allow":["GET"]}}],"collection":[{"href":"https:\/\/marcelocortazio.com.br\/index.php\/wp-json\/wp\/v2\/pages"}],"about":[{"href":"https:\/\/marcelocortazio.com.br\/index.php\/wp-json\/wp\/v2\/types\/page"}],"author":[{"embeddable":true,"href":"https:\/\/marcelocortazio.com.br\/index.php\/wp-json\/wp\/v2\/users\/1"}],"replies":[{"embeddable":true,"href":"https:\/\/marcelocortazio.com.br\/index.php\/wp-json\/wp\/v2\/comments?post=141484"}],"version-history":[{"count":5,"href":"https:\/\/marcelocortazio.com.br\/index.php\/wp-json\/wp\/v2\/pages\/141484\/revisions"}],"predecessor-version":[{"id":141490,"href":"https:\/\/marcelocortazio.com.br\/index.php\/wp-json\/wp\/v2\/pages\/141484\/revisions\/141490"}],"wp:attachment":[{"href":"https:\/\/marcelocortazio.com.br\/index.php\/wp-json\/wp\/v2\/media?parent=141484"}],"curies":[{"name":"wp","href":"https:\/\/api.w.org\/{rel}","templated":true}]}}