{"id":141128,"date":"2024-08-15T15:58:07","date_gmt":"2024-08-15T15:58:07","guid":{"rendered":"https:\/\/marcelocortazio.com.br\/?page_id=141128"},"modified":"2025-03-19T18:20:35","modified_gmt":"2025-03-19T18:20:35","slug":"quero-a-minha-palestra","status":"publish","type":"page","link":"https:\/\/marcelocortazio.com.br\/index.php\/quero-a-minha-palestra\/","title":{"rendered":"Quero a minha palestra"},"content":{"rendered":"<div class=\"wpb-content-wrapper\"><p>[vc_row row_height_percent=&#8221;0&#8243; override_padding=&#8221;yes&#8221; h_padding=&#8221;2&#8243; top_padding=&#8221;5&#8243; bottom_padding=&#8221;5&#8243; back_color=&#8221;color-140313&#8243; overlay_alpha=&#8221;46&#8243; gutter_size=&#8221;100&#8243; column_width_percent=&#8221;100&#8243; shift_y=&#8221;0&#8243; z_index=&#8221;0&#8243; style=&#8221;inherited&#8221; uncode_shortcode_id=&#8221;928447&#8243; back_color_type=&#8221;uncode-palette&#8221;][vc_column column_width_use_pixel=&#8221;yes&#8221; align_horizontal=&#8221;align_center&#8221; gutter_size=&#8221;3&#8243; overlay_color=&#8221;color-lxmt&#8221; overlay_alpha=&#8221;26&#8243; overlay_color_blend=&#8221;multiply&#8221; shift_x=&#8221;0&#8243; shift_y=&#8221;0&#8243; shift_y_down=&#8221;0&#8243; z_index=&#8221;0&#8243; medium_width=&#8221;100&#8243; mobile_width=&#8221;0&#8243; zoom_width=&#8221;0&#8243; zoom_height=&#8221;0&#8243; width=&#8221;1\/1&#8243; column_width_pixel=&#8221;900&#8243; uncode_shortcode_id=&#8221;156231&#8243; overlay_color_type=&#8221;uncode-palette&#8221;][vc_row_inner row_inner_height_percent=&#8221;0&#8243; overlay_alpha=&#8221;100&#8243; gutter_size=&#8221;3&#8243; shift_y=&#8221;0&#8243; limit_content=&#8221;&#8221;][vc_column_inner column_width_use_pixel=&#8221;yes&#8221; align_horizontal=&#8221;align_center&#8221; gutter_size=&#8221;3&#8243; overlay_alpha=&#8221;100&#8243; shift_x=&#8221;0&#8243; shift_y=&#8221;0&#8243; shift_y_down=&#8221;0&#8243; z_index=&#8221;0&#8243; medium_width=&#8221;0&#8243; mobile_width=&#8221;0&#8243; zoom_width=&#8221;0&#8243; zoom_height=&#8221;0&#8243; width=&#8221;1\/1&#8243; column_width_pixel=&#8221;600&#8243; uncode_shortcode_id=&#8221;631704&#8243;][vc_empty_space empty_h=&#8221;1&#8243;][vc_custom_heading heading_semantic=&#8221;h3&#8243; text_font=&#8221;font-504674&#8243; text_size=&#8221;custom&#8221; text_weight=&#8221;100&#8243; sub_lead=&#8221;yes&#8221; sub_reduced=&#8221;yes&#8221; text_align=&#8221;text-center&#8221; subheading=&#8221;Preencha o formul\u00e1rio abaixo que logo, logo minha equipe entrar\u00e1 em contato com voc\u00ea.&#8221; uncode_shortcode_id=&#8221;129112&#8243; heading_custom_size=&#8221;clamp(20px,7.5vw,40px)&#8221;]Eu Quero a Minha Palestra Corporativa![\/vc_custom_heading][\/vc_column_inner][\/vc_row_inner]\n<div class=\"wpcf7 no-js\" id=\"wpcf7-f141120-o1\" lang=\"en-US\" dir=\"ltr\" data-wpcf7-id=\"141120\">\n<div class=\"screen-reader-response\"><p role=\"status\" aria-live=\"polite\" aria-atomic=\"true\"><\/p> <ul><\/ul><\/div>\n<form action=\"\/index.php\/wp-json\/wp\/v2\/pages\/141128#wpcf7-f141120-o1\" method=\"post\" class=\"wpcf7-form init\" aria-label=\"Contact form\" novalidate=\"novalidate\" data-status=\"init\">\n<fieldset class=\"hidden-fields-container\"><input type=\"hidden\" name=\"_wpcf7\" value=\"141120\" \/><input type=\"hidden\" name=\"_wpcf7_version\" value=\"6.1.5\" \/><input type=\"hidden\" name=\"_wpcf7_locale\" value=\"en_US\" \/><input type=\"hidden\" name=\"_wpcf7_unit_tag\" value=\"wpcf7-f141120-o1\" \/><input type=\"hidden\" name=\"_wpcf7_container_post\" value=\"0\" \/><input type=\"hidden\" name=\"_wpcf7_posted_data_hash\" value=\"\" \/><input type=\"hidden\" name=\"_wpcf7_recaptcha_response\" value=\"\" \/>\n<\/fieldset>\n<div class=\"uacf7-form-wrapper-container uacf7-form-141120  \"><div class=\"uacf7-row\"><div class=\"uacf7-col-6\"> <p><span class=\"wpcf7-form-control-wrap\" data-name=\"SeuNome\"><input size=\"40\" maxlength=\"400\" class=\"wpcf7-form-control wpcf7-text wpcf7-validates-as-required form-fluid\" aria-required=\"true\" aria-invalid=\"false\" placeholder=\"Seu Nome\" value=\"\" type=\"text\" name=\"SeuNome\" \/><\/span><\/p>\n\n<\/div><div class=\"uacf7-col-6\"> <p><span class=\"wpcf7-form-control-wrap\" data-name=\"SeuSobreNome\"><input size=\"40\" maxlength=\"400\" class=\"wpcf7-form-control wpcf7-text wpcf7-validates-as-required form-fluid\" aria-required=\"true\" aria-invalid=\"false\" placeholder=\"Seu Sobrenome\" value=\"\" type=\"text\" name=\"SeuSobreNome\" \/><\/span><\/p>\n\n<\/div><\/div>\n\n<div class=\"uacf7-row\"><div class=\"uacf7-col-6\"> <p><span class=\"wpcf7-form-control-wrap\" data-name=\"SeuEmail\"><input size=\"40\" maxlength=\"400\" class=\"wpcf7-form-control wpcf7-email wpcf7-validates-as-required wpcf7-text wpcf7-validates-as-email form-fluid\" aria-required=\"true\" aria-invalid=\"false\" placeholder=\"Seu Email\" value=\"\" type=\"email\" name=\"SeuEmail\" \/><\/span><\/p>\n\n<\/div><div class=\"uacf7-col-6\"> <p><span class=\"wpcf7-form-control-wrap\" data-name=\"SeuTelefone\"><input size=\"40\" maxlength=\"400\" class=\"wpcf7-form-control wpcf7-tel wpcf7-validates-as-required wpcf7-text wpcf7-validates-as-tel form-fluid\" aria-required=\"true\" aria-invalid=\"false\" placeholder=\"Seu Telefone\" value=\"\" type=\"tel\" name=\"SeuTelefone\" \/><\/span><\/p>\n\n<\/div><\/div>\n\n<p><span class=\"wpcf7-form-control-wrap\" data-name=\"SeuCargo\"><input size=\"40\" maxlength=\"400\" class=\"wpcf7-form-control wpcf7-text wpcf7-validates-as-required form-fluid\" aria-required=\"true\" aria-invalid=\"false\" placeholder=\"Seu Cargo\" value=\"\" type=\"text\" name=\"SeuCargo\" \/><\/span><\/p>\n\n<p><span class=\"wpcf7-form-control-wrap\" data-name=\"SuaEmpresa\"><input size=\"40\" maxlength=\"400\" class=\"wpcf7-form-control wpcf7-text wpcf7-validates-as-required form-fluid\" aria-required=\"true\" aria-invalid=\"false\" placeholder=\"Sua Empresa\" value=\"\" type=\"text\" name=\"SuaEmpresa\" \/><\/span><\/p>\n\n<p><span class=\"wpcf7-form-control-wrap\" data-name=\"Escolha-palestra\"><select class=\"wpcf7-form-control wpcf7-select wpcf7-validates-as-required\" aria-required=\"true\" aria-invalid=\"false\" name=\"Escolha-palestra\"><option value=\"\">&#8212;Please choose an option&#8212;<\/option><option value=\"Narrativas de Marcas\">Narrativas de Marcas<\/option><option value=\"Resist\u00eancia Criativa em tempos de IA e algoritmos\">Resist\u00eancia Criativa em tempos de IA e algoritmos<\/option><option value=\"Storyleadership\">Storyleadership<\/option><option value=\"Seu c\u00e9rebro ama uma boa hist\u00f3ria e eu posso provar\">Seu c\u00e9rebro ama uma boa hist\u00f3ria e eu posso provar<\/option><option value=\"Palestra Sob Medida\">Palestra Sob Medida<\/option><\/select><\/span><\/p>\n\n<p><span class=\"wpcf7-form-control-wrap\" data-name=\"Comopodemosajudar\"><textarea cols=\"40\" rows=\"10\" maxlength=\"2000\" class=\"wpcf7-form-control wpcf7-textarea wpcf7-validates-as-required form-fluid\" aria-required=\"true\" aria-invalid=\"false\" placeholder=\"Como Podemos Ajudar?\" name=\"Comopodemosajudar\"><\/textarea><\/span><\/p>\n\n<p>Quer mais dicas de Brand Storytelling? Assine minha newsletter mensal<\/p>\n\n<p><span class=\"wpcf7-form-control-wrap\" data-name=\"newsletter\"><span class=\"wpcf7-form-control wpcf7-checkbox wpcf7-validates-as-required\"><span class=\"wpcf7-list-item first\"><label><input type=\"checkbox\" name=\"newsletter[]\" value=\"Sim\" \/><span class=\"wpcf7-list-item-label\">Sim<\/span><\/label><\/span><span class=\"wpcf7-list-item last\"><label><input type=\"checkbox\" name=\"newsletter[]\" value=\"N\u00e3o\" \/><span class=\"wpcf7-list-item-label\">N\u00e3o<\/span><\/label><\/span><\/span><\/span><\/p>\n\n<p><input class=\"wpcf7-form-control wpcf7-submit has-spinner btn btn-accent\" type=\"submit\" value=\"ENTRE NA LISTA DE ESPERA\" \/><\/p><\/div><p style=\"display: none !important;\" class=\"akismet-fields-container\" data-prefix=\"_wpcf7_ak_\"><label>&#916;<textarea name=\"_wpcf7_ak_hp_textarea\" cols=\"45\" rows=\"8\" maxlength=\"100\"><\/textarea><\/label><input type=\"hidden\" id=\"ak_js_1\" name=\"_wpcf7_ak_js\" value=\"247\"\/><script>document.getElementById( \"ak_js_1\" ).setAttribute( \"value\", ( new Date() ).getTime() );<\/script><\/p><div class=\"wpcf7-response-output\" aria-hidden=\"true\"><\/div>\n<\/form>\n<\/div>\n[vc_empty_space empty_h=&#8221;1&#8243;][\/vc_column][\/vc_row]<\/p>\n<\/div>","protected":false},"excerpt":{"rendered":"<p>[vc_row row_height_percent=&#8221;0&#8243; override_padding=&#8221;yes&#8221; h_padding=&#8221;2&#8243; top_padding=&#8221;5&#8243; bottom_padding=&#8221;5&#8243; back_color=&#8221;color-140313&#8243; overlay_alpha=&#8221;46&#8243; gutter_size=&#8221;100&#8243; column_width_percent=&#8221;100&#8243; shift_y=&#8221;0&#8243; z_index=&#8221;0&#8243; style=&#8221;inherited&#8221; uncode_shortcode_id=&#8221;928447&#8243; back_color_type=&#8221;uncode-palette&#8221;][vc_column column_width_use_pixel=&#8221;yes&#8221; align_horizontal=&#8221;align_center&#8221; gutter_size=&#8221;3&#8243; overlay_color=&#8221;color-lxmt&#8221; overlay_alpha=&#8221;26&#8243; [&hellip;]<\/p>\n","protected":false},"author":1,"featured_media":0,"parent":0,"menu_order":0,"comment_status":"closed","ping_status":"closed","template":"","meta":{"_monsterinsights_skip_tracking":false,"_monsterinsights_sitenote_active":false,"_monsterinsights_sitenote_note":"","_monsterinsights_sitenote_category":0,"footnotes":""},"class_list":["post-141128","page","type-page","status-publish","hentry"],"aioseo_notices":[],"_links":{"self":[{"href":"https:\/\/marcelocortazio.com.br\/index.php\/wp-json\/wp\/v2\/pages\/141128","targetHints":{"allow":["GET"]}}],"collection":[{"href":"https:\/\/marcelocortazio.com.br\/index.php\/wp-json\/wp\/v2\/pages"}],"about":[{"href":"https:\/\/marcelocortazio.com.br\/index.php\/wp-json\/wp\/v2\/types\/page"}],"author":[{"embeddable":true,"href":"https:\/\/marcelocortazio.com.br\/index.php\/wp-json\/wp\/v2\/users\/1"}],"replies":[{"embeddable":true,"href":"https:\/\/marcelocortazio.com.br\/index.php\/wp-json\/wp\/v2\/comments?post=141128"}],"version-history":[{"count":2,"href":"https:\/\/marcelocortazio.com.br\/index.php\/wp-json\/wp\/v2\/pages\/141128\/revisions"}],"predecessor-version":[{"id":141548,"href":"https:\/\/marcelocortazio.com.br\/index.php\/wp-json\/wp\/v2\/pages\/141128\/revisions\/141548"}],"wp:attachment":[{"href":"https:\/\/marcelocortazio.com.br\/index.php\/wp-json\/wp\/v2\/media?parent=141128"}],"curies":[{"name":"wp","href":"https:\/\/api.w.org\/{rel}","templated":true}]}}