{"id":130647,"date":"2024-02-01T18:20:39","date_gmt":"2024-02-01T18:20:39","guid":{"rendered":"https:\/\/marcelocortazio.com.br\/?page_id=130647"},"modified":"2024-09-03T16:30:37","modified_gmt":"2024-09-03T16:30:37","slug":"download-e-book-arquetipos-de-marca","status":"publish","type":"page","link":"https:\/\/marcelocortazio.com.br\/index.php\/download-e-book-arquetipos-de-marca\/","title":{"rendered":"Download e-book Arqu\u00e9tipos de Marca"},"content":{"rendered":"<div class=\"wpb-content-wrapper\"><p>[vc_row row_height_percent=&#8221;0&#8243; back_color=&#8221;accent&#8221; overlay_alpha=&#8221;50&#8243; gutter_size=&#8221;3&#8243; column_width_percent=&#8221;100&#8243; shift_y=&#8221;0&#8243; z_index=&#8221;0&#8243; uncode_shortcode_id=&#8221;200451&#8243; back_color_type=&#8221;uncode-palette&#8221;][vc_column column_width_percent=&#8221;100&#8243; gutter_size=&#8221;1&#8243; overlay_alpha=&#8221;50&#8243; shift_x=&#8221;0&#8243; shift_y=&#8221;0&#8243; shift_y_down=&#8221;0&#8243; z_index=&#8221;0&#8243; medium_width=&#8221;0&#8243; mobile_width=&#8221;0&#8243; width=&#8221;1\/1&#8243; uncode_shortcode_id=&#8221;451274&#8243;][vc_custom_heading text_color=&#8221;color-xsdn&#8221; heading_semantic=&#8221;h6&#8243; text_font=&#8221;font-206393&#8243; text_size=&#8221;h6&#8243; text_weight=&#8221;600&#8243; text_transform=&#8221;uppercase&#8221; uncode_shortcode_id=&#8221;193471&#8243; text_color_type=&#8221;uncode-palette&#8221;]Marcelo Cortazio[\/vc_custom_heading][vc_custom_heading text_color=&#8221;color-jevc&#8221; text_font=&#8221;font-504674&#8243; text_weight=&#8221;100&#8243; text_transform=&#8221;uppercase&#8221; uncode_shortcode_id=&#8221;926673&#8243; text_color_type=&#8221;uncode-palette&#8221;]E-Book Arqu\u00e9tipos de Marca[\/vc_custom_heading][\/vc_column][\/vc_row][vc_row row_height_percent=&#8221;0&#8243; override_padding=&#8221;yes&#8221; h_padding=&#8221;2&#8243; top_padding=&#8221;2&#8243; bottom_padding=&#8221;0&#8243; back_color=&#8221;accent&#8221; overlay_alpha=&#8221;50&#8243; gutter_size=&#8221;3&#8243; column_width_percent=&#8221;100&#8243; shift_y=&#8221;0&#8243; z_index=&#8221;0&#8243; uncode_shortcode_id=&#8221;151991&#8243; back_color_type=&#8221;uncode-palette&#8221;][vc_column column_width_percent=&#8221;100&#8243; gutter_size=&#8221;2&#8243; overlay_alpha=&#8221;50&#8243; shift_x=&#8221;0&#8243; shift_y=&#8221;0&#8243; shift_y_down=&#8221;0&#8243; z_index=&#8221;0&#8243; medium_width=&#8221;0&#8243; mobile_width=&#8221;0&#8243; width=&#8221;1\/2&#8243; uncode_shortcode_id=&#8221;135867&#8243;][vc_custom_heading text_color=&#8221;color-xsdn&#8221; heading_semantic=&#8221;h6&#8243; text_font=&#8221;font-143967&#8243; text_size=&#8221;h6&#8243; text_weight=&#8221;600&#8243; text_transform=&#8221;capitalize&#8221; uncode_shortcode_id=&#8221;202166&#8243; text_color_type=&#8221;uncode-palette&#8221;]<span class=\"notion-enable-hover\" data-token-index=\"0\">E-BOOK ARQU\u00c9TIPOS DE MARCA<\/span><!-- notionvc: 7ba07d29-bd0a-4cc8-90b2-83ae8271872b -->[\/vc_custom_heading][vc_custom_heading text_color=&#8221;color-726292&#8243; text_font=&#8221;font-117911&#8243; text_weight=&#8221;500&#8243; text_height=&#8221;fontheight-126617&#8243; uncode_shortcode_id=&#8221;770486&#8243; text_color_type=&#8221;uncode-palette&#8221;]<span class=\"notion-enable-hover\" data-token-index=\"0\">Desvende os Segredos da Narrativa de Marca:<\/span><!-- notionvc: 7ba07d29-bd0a-4cc8-90b2-83ae8271872b -->[\/vc_custom_heading][vc_custom_heading text_color=&#8221;color-xsdn&#8221; heading_semantic=&#8221;h3&#8243; text_font=&#8221;font-143967&#8243; text_size=&#8221;h3&#8243; text_weight=&#8221;700&#8243; text_transform=&#8221;uppercase&#8221; text_height=&#8221;fontheight-126617&#8243; uncode_shortcode_id=&#8221;305647&#8243; text_color_type=&#8221;uncode-palette&#8221;]<span class=\"notion-enable-hover\" data-token-index=\"0\">Baixe o Ebook Gratuito Agora!<\/span><br \/>\n<!-- notionvc: 7ba07d29-bd0a-4cc8-90b2-83ae8271872b -->[\/vc_custom_heading][vc_custom_heading text_color=&#8221;color-jevc&#8221; heading_semantic=&#8221;h3&#8243; text_font=&#8221;font-117911&#8243; text_size=&#8221;h3&#8243; text_weight=&#8221;400&#8243; uncode_shortcode_id=&#8221;127553&#8243; text_color_type=&#8221;uncode-palette&#8221;]Baixe Agora para Transformar Sua Marca! N\u00e3o perca a oportunidade de aprimorar sua estrat\u00e9gia de marca e criar uma conex\u00e3o duradoura com seu p\u00fablico. Fa\u00e7a o download gratuito do ebook agora e comece a construir uma narrativa que deixar\u00e1 uma marca inesquec\u00edvel.[\/vc_custom_heading][vc_button button_color=&#8221;color-vyce&#8221; border_width=&#8221;0&#8243; button_color_type=&#8221;uncode-palette&#8221; uncode_shortcode_id=&#8221;358634&#8243; link=&#8221;url:%23meu-ebook&#8221;]Eu quero meu ebook gratuito agora![\/vc_button][\/vc_column][vc_column width=&#8221;1\/2&#8243;][vc_single_image media=&#8221;130656&#8243; media_width_percent=&#8221;100&#8243; media_ratio=&#8221;one-one&#8221; advanced=&#8221;yes&#8221; media_overlay_opacity=&#8221;50&#8243; media_overlay_anim=&#8221;no&#8221; media_padding=&#8221;2&#8243; uncode_shortcode_id=&#8221;142188&#8243;][\/vc_column][\/vc_row][vc_row row_height_percent=&#8221;0&#8243; override_padding=&#8221;yes&#8221; h_padding=&#8221;3&#8243; top_padding=&#8221;2&#8243; bottom_padding=&#8221;2&#8243; back_color=&#8221;accent&#8221; overlay_alpha=&#8221;50&#8243; gutter_size=&#8221;1&#8243; column_width_percent=&#8221;80&#8243; shift_y=&#8221;0&#8243; z_index=&#8221;0&#8243; uncode_shortcode_id=&#8221;134598&#8243; back_color_type=&#8221;uncode-palette&#8221;][vc_column width=&#8221;1\/3&#8243;][vc_single_image media=&#8221;130667&#8243; media_width_percent=&#8221;80&#8243; alignment=&#8221;center&#8221; shadow=&#8221;yes&#8221; shadow_weight=&#8221;std&#8221; uncode_shortcode_id=&#8221;109689&#8243;][\/vc_column][vc_column width=&#8221;1\/3&#8243;][vc_single_image media=&#8221;130666&#8243; media_width_percent=&#8221;80&#8243; alignment=&#8221;center&#8221; shadow=&#8221;yes&#8221; shadow_weight=&#8221;std&#8221; shadow_darker=&#8221;yes&#8221; uncode_shortcode_id=&#8221;120398&#8243;][\/vc_column][vc_column width=&#8221;1\/3&#8243;][vc_single_image media=&#8221;130665&#8243; media_width_percent=&#8221;80&#8243; alignment=&#8221;center&#8221; shadow=&#8221;yes&#8221; shadow_weight=&#8221;std&#8221; uncode_shortcode_id=&#8221;181761&#8243;][\/vc_column][\/vc_row][vc_row row_height_percent=&#8221;0&#8243; override_padding=&#8221;yes&#8221; h_padding=&#8221;2&#8243; top_padding=&#8221;3&#8243; bottom_padding=&#8221;3&#8243; back_color=&#8221;color-wayh&#8221; overlay_alpha=&#8221;50&#8243; gutter_size=&#8221;4&#8243; column_width_percent=&#8221;100&#8243; shift_y=&#8221;0&#8243; z_index=&#8221;0&#8243; uncode_shortcode_id=&#8221;158360&#8243; back_color_type=&#8221;uncode-palette&#8221;][vc_column column_width_percent=&#8221;100&#8243; gutter_size=&#8221;3&#8243; overlay_alpha=&#8221;50&#8243; shift_x=&#8221;0&#8243; shift_y=&#8221;0&#8243; shift_y_down=&#8221;0&#8243; z_index=&#8221;0&#8243; medium_width=&#8221;4&#8243; mobile_width=&#8221;0&#8243; width=&#8221;1\/2&#8243; el_class=&#8221;inverted-device-order&#8221;][vc_single_image media=&#8221;130628&#8243; media_width_percent=&#8221;100&#8243; media_ratio=&#8221;one-one&#8221; uncode_shortcode_id=&#8221;701961&#8243;][\/vc_column][vc_column column_width_percent=&#8221;100&#8243; position_horizontal=&#8221;left&#8221; position_vertical=&#8221;middle&#8221; gutter_size=&#8221;2&#8243; style=&#8221;dark&#8221; overlay_alpha=&#8221;50&#8243; shift_x=&#8221;0&#8243; shift_y=&#8221;0&#8243; shift_y_down=&#8221;0&#8243; z_index=&#8221;0&#8243; medium_width=&#8221;4&#8243; mobile_width=&#8221;0&#8243; width=&#8221;1\/2&#8243; uncode_shortcode_id=&#8221;552673&#8243;][vc_custom_heading text_color=&#8221;accent&#8221; heading_semantic=&#8221;h6&#8243; text_size=&#8221;h6&#8243; text_transform=&#8221;uppercase&#8221; uncode_shortcode_id=&#8221;852689&#8243; text_color_type=&#8221;uncode-palette&#8221;]QUEM SOU EU?[\/vc_custom_heading][vc_custom_heading heading_semantic=&#8221;h3&#8243; text_font=&#8221;font-206393&#8243; text_weight=&#8221;100&#8243; text_transform=&#8221;uppercase&#8221; sub_lead=&#8221;yes&#8221; sub_reduced=&#8221;yes&#8221; subheading=&#8221;Sou diretor de cria\u00e7\u00e3o e diretor de cena e roteirista, com mais de 15 anos de exoeri\u00eancia em entretenimento, branded content e brand storytelling.&#8221; uncode_shortcode_id=&#8221;891153&#8243;]Oi, eu sou o Marcelo Cortazio[\/vc_custom_heading][vc_separator sep_color=&#8221;,Default&#8221;][vc_button button_color=&#8221;accent&#8221; border_width=&#8221;0&#8243; link=&#8221;url:%23meu-ebook|target:_blank&#8221; button_color_type=&#8221;uncode-palette&#8221; uncode_shortcode_id=&#8221;189082&#8243;]Eu quero meu ebook gratuito agora![\/vc_button][\/vc_column][\/vc_row][vc_row unlock_row=&#8221;&#8221; row_height_percent=&#8221;0&#8243; override_padding=&#8221;yes&#8221; h_padding=&#8221;2&#8243; top_padding=&#8221;2&#8243; bottom_padding=&#8221;2&#8243; overlay_alpha=&#8221;100&#8243; gutter_size=&#8221;3&#8243; column_width_percent=&#8221;100&#8243; border_color=&#8221;color-gyho&#8221; border_style=&#8221;solid&#8221; shift_y=&#8221;0&#8243; z_index=&#8221;0&#8243; uncode_shortcode_id=&#8221;153516&#8243; border_color_type=&#8221;uncode-palette&#8221;][vc_column column_width_percent=&#8221;100&#8243; align_horizontal=&#8221;align_center&#8221; gutter_size=&#8221;3&#8243; overlay_alpha=&#8221;100&#8243; shift_x=&#8221;0&#8243; shift_y=&#8221;0&#8243; z_index=&#8221;0&#8243; medium_width=&#8221;0&#8243; zoom_width=&#8221;0&#8243; zoom_height=&#8221;0&#8243; width=&#8221;1\/1&#8243;][vc_custom_heading text_font=&#8221;font-504674&#8243; text_weight=&#8221;100&#8243; uncode_shortcode_id=&#8221;208561&#8243;]Venho desenvolvendo projetos de brand storytelling para empresas globais e locais.[\/vc_custom_heading][vc_gallery el_id=&#8221;gallery-85457&#8243; type=&#8221;carousel&#8221; medias=&#8221;83832,83833,83830,83831,83834,83829,83827,83828,83835,83836,130707,130708,130709&#8243; gallery_back_color=&#8221;color-140313&#8243; carousel_lg=&#8221;5&#8243; carousel_md=&#8221;5&#8243; carousel_sm=&#8221;3&#8243; thumb_size=&#8221;two-one&#8221; gutter_size=&#8221;1&#8243; inner_padding=&#8221;yes&#8221; media_items=&#8221;media|nolink|original,icon&#8221; carousel_interval=&#8221;3000&#8243; carousel_navspeed=&#8221;700&#8243; carousel_loop=&#8221;yes&#8221; stage_padding=&#8221;0&#8243; single_overlay_opacity=&#8221;50&#8243; single_overlay_anim=&#8221;no&#8221; single_text_anim=&#8221;no&#8221; single_image_anim=&#8221;no&#8221; single_padding=&#8221;2&#8243; single_border=&#8221;yes&#8221; title=&#8221;Clients&#8221; uncode_shortcode_id=&#8221;513848&#8243; gallery_back_color_type=&#8221;uncode-palette&#8221;][\/vc_column][\/vc_row][vc_row row_height_percent=&#8221;50&#8243; override_padding=&#8221;yes&#8221; h_padding=&#8221;2&#8243; top_padding=&#8221;2&#8243; bottom_padding=&#8221;4&#8243; back_color=&#8221;color-726292&#8243; overlay_alpha=&#8221;50&#8243; gutter_size=&#8221;3&#8243; column_width_use_pixel=&#8221;yes&#8221; shift_y=&#8221;0&#8243; z_index=&#8221;0&#8243; column_width_pixel=&#8221;800&#8243; uncode_shortcode_id=&#8221;136284&#8243; back_color_type=&#8221;uncode-palette&#8221; row_name=&#8221;meu-ebook&#8221;][vc_column column_width_percent=&#8221;100&#8243; align_horizontal=&#8221;align_center&#8221; gutter_size=&#8221;3&#8243; overlay_alpha=&#8221;50&#8243; shift_x=&#8221;0&#8243; shift_y=&#8221;0&#8243; shift_y_down=&#8221;0&#8243; z_index=&#8221;0&#8243; medium_width=&#8221;0&#8243; mobile_width=&#8221;0&#8243; width=&#8221;1\/1&#8243;][vc_row_inner limit_content=&#8221;&#8221;][vc_column_inner column_width_use_pixel=&#8221;yes&#8221; align_horizontal=&#8221;align_center&#8221; gutter_size=&#8221;2&#8243; overlay_alpha=&#8221;50&#8243; shift_x=&#8221;0&#8243; shift_y=&#8221;0&#8243; shift_y_down=&#8221;0&#8243; z_index=&#8221;0&#8243; medium_width=&#8221;0&#8243; mobile_width=&#8221;0&#8243; width=&#8221;1\/1&#8243; column_width_pixel=&#8221;600&#8243;][vc_custom_heading heading_semantic=&#8221;h3&#8243; text_size=&#8221;fontsize-156538&#8243; uncode_shortcode_id=&#8221;461610&#8243;]Baixe seu ebook gratuito agora.[\/vc_custom_heading][vc_column_text text_lead=&#8221;yes&#8221; uncode_shortcode_id=&#8221;554137&#8243;]Voc\u00ea vai receber um email com o link para download.[\/vc_column_text][\/vc_column_inner][\/vc_row_inner][vc_row_inner limit_content=&#8221;&#8221;][vc_column_inner column_width_use_pixel=&#8221;yes&#8221; align_horizontal=&#8221;align_center&#8221; gutter_size=&#8221;2&#8243; overlay_alpha=&#8221;50&#8243; shift_x=&#8221;0&#8243; shift_y=&#8221;0&#8243; shift_y_down=&#8221;0&#8243; z_index=&#8221;0&#8243; medium_width=&#8221;0&#8243; mobile_width=&#8221;0&#8243; width=&#8221;1\/1&#8243; column_width_pixel=&#8221;900&#8243; uncode_shortcode_id=&#8221;678817&#8243;]\n<div class=\"wpcf7 no-js\" id=\"wpcf7-f130694-o1\" lang=\"en-US\" dir=\"ltr\" data-wpcf7-id=\"130694\">\n<div class=\"screen-reader-response\"><p role=\"status\" aria-live=\"polite\" aria-atomic=\"true\"><\/p> <ul><\/ul><\/div>\n<form action=\"\/index.php\/wp-json\/wp\/v2\/pages\/130647#wpcf7-f130694-o1\" method=\"post\" class=\"wpcf7-form init\" aria-label=\"Contact form\" novalidate=\"novalidate\" data-status=\"init\">\n<fieldset class=\"hidden-fields-container\"><input type=\"hidden\" name=\"_wpcf7\" value=\"130694\" \/><input type=\"hidden\" name=\"_wpcf7_version\" value=\"6.1.5\" \/><input type=\"hidden\" name=\"_wpcf7_locale\" value=\"en_US\" \/><input type=\"hidden\" name=\"_wpcf7_unit_tag\" value=\"wpcf7-f130694-o1\" \/><input type=\"hidden\" name=\"_wpcf7_container_post\" value=\"0\" \/><input type=\"hidden\" name=\"_wpcf7_posted_data_hash\" value=\"\" \/><input type=\"hidden\" name=\"_wpcf7_recaptcha_response\" value=\"\" \/>\n<\/fieldset>\n<div class=\"uacf7-form-wrapper-container uacf7-form-130694  \"><p><span class=\"wpcf7-form-control-wrap\" data-name=\"SeuNome\"><input size=\"40\" maxlength=\"400\" class=\"wpcf7-form-control wpcf7-text wpcf7-validates-as-required form-fluid\" aria-required=\"true\" aria-invalid=\"false\" placeholder=\"Seu Nome\" value=\"\" type=\"text\" name=\"SeuNome\" \/><\/span><\/p>\n\n<p><span class=\"wpcf7-form-control-wrap\" data-name=\"SeuEmail\"><input size=\"40\" maxlength=\"400\" class=\"wpcf7-form-control wpcf7-email wpcf7-validates-as-required wpcf7-text wpcf7-validates-as-email form-fluid\" aria-required=\"true\" aria-invalid=\"false\" placeholder=\"Seu Email\" value=\"\" type=\"email\" name=\"SeuEmail\" \/><\/span><\/p>\n\n<p><span class=\"wpcf7-form-control-wrap\" data-name=\"SeuFilmeouSrieFavorito\"><input size=\"40\" maxlength=\"400\" class=\"wpcf7-form-control wpcf7-text form-fluid\" aria-invalid=\"false\" placeholder=\"Qual seu filme ou s\u00e9rie Favorita?\" value=\"\" type=\"text\" name=\"SeuFilmeouSrieFavorito\" \/><\/span><\/p>\n\nQuer mais dicas de Brand Storytelling? Assine minha newsletter mensal (required)\n<span class=\"wpcf7-form-control-wrap\" data-name=\"newsletter\"><span class=\"wpcf7-form-control wpcf7-checkbox wpcf7-validates-as-required\"><span class=\"wpcf7-list-item first\"><label><input type=\"checkbox\" name=\"newsletter[]\" value=\"Sim\" \/><span class=\"wpcf7-list-item-label\">Sim<\/span><\/label><\/span><span class=\"wpcf7-list-item last\"><label><input type=\"checkbox\" name=\"newsletter[]\" value=\"N\u00e3o\" \/><span class=\"wpcf7-list-item-label\">N\u00e3o<\/span><\/label><\/span><\/span><\/span>\n\n<input class=\"wpcf7-form-control wpcf7-submit has-spinner btn btn-accent\" type=\"submit\" value=\"Eu quero meu ebook gratuito agora!\" \/><\/div><p style=\"display: none !important;\" class=\"akismet-fields-container\" data-prefix=\"_wpcf7_ak_\"><label>&#916;<textarea name=\"_wpcf7_ak_hp_textarea\" cols=\"45\" rows=\"8\" maxlength=\"100\"><\/textarea><\/label><input type=\"hidden\" id=\"ak_js_1\" name=\"_wpcf7_ak_js\" value=\"3\"\/><script>document.getElementById( \"ak_js_1\" ).setAttribute( \"value\", ( new Date() ).getTime() );<\/script><\/p><div class=\"wpcf7-response-output\" aria-hidden=\"true\"><\/div>\n<\/form>\n<\/div>\n[\/vc_column_inner][\/vc_row_inner][\/vc_column][\/vc_row]<\/p>\n<\/div>","protected":false},"excerpt":{"rendered":"<p>[vc_row row_height_percent=&#8221;0&#8243; back_color=&#8221;accent&#8221; overlay_alpha=&#8221;50&#8243; gutter_size=&#8221;3&#8243; column_width_percent=&#8221;100&#8243; shift_y=&#8221;0&#8243; z_index=&#8221;0&#8243; uncode_shortcode_id=&#8221;200451&#8243; back_color_type=&#8221;uncode-palette&#8221;][vc_column column_width_percent=&#8221;100&#8243; gutter_size=&#8221;1&#8243; overlay_alpha=&#8221;50&#8243; shift_x=&#8221;0&#8243; shift_y=&#8221;0&#8243; shift_y_down=&#8221;0&#8243; z_index=&#8221;0&#8243; medium_width=&#8221;0&#8243; mobile_width=&#8221;0&#8243; width=&#8221;1\/1&#8243; [&hellip;]<\/p>\n","protected":false},"author":1,"featured_media":0,"parent":0,"menu_order":0,"comment_status":"closed","ping_status":"closed","template":"","meta":{"_monsterinsights_skip_tracking":false,"_monsterinsights_sitenote_active":false,"_monsterinsights_sitenote_note":"","_monsterinsights_sitenote_category":0,"footnotes":""},"class_list":["post-130647","page","type-page","status-publish","hentry"],"aioseo_notices":[],"_links":{"self":[{"href":"https:\/\/marcelocortazio.com.br\/index.php\/wp-json\/wp\/v2\/pages\/130647","targetHints":{"allow":["GET"]}}],"collection":[{"href":"https:\/\/marcelocortazio.com.br\/index.php\/wp-json\/wp\/v2\/pages"}],"about":[{"href":"https:\/\/marcelocortazio.com.br\/index.php\/wp-json\/wp\/v2\/types\/page"}],"author":[{"embeddable":true,"href":"https:\/\/marcelocortazio.com.br\/index.php\/wp-json\/wp\/v2\/users\/1"}],"replies":[{"embeddable":true,"href":"https:\/\/marcelocortazio.com.br\/index.php\/wp-json\/wp\/v2\/comments?post=130647"}],"version-history":[{"count":44,"href":"https:\/\/marcelocortazio.com.br\/index.php\/wp-json\/wp\/v2\/pages\/130647\/revisions"}],"predecessor-version":[{"id":141451,"href":"https:\/\/marcelocortazio.com.br\/index.php\/wp-json\/wp\/v2\/pages\/130647\/revisions\/141451"}],"wp:attachment":[{"href":"https:\/\/marcelocortazio.com.br\/index.php\/wp-json\/wp\/v2\/media?parent=130647"}],"curies":[{"name":"wp","href":"https:\/\/api.w.org\/{rel}","templated":true}]}}